{"id":1951,"date":"2016-06-15T12:21:41","date_gmt":"2016-06-15T10:21:41","guid":{"rendered":"https:\/\/www.schriever-schrauben.de\/?page_id=1951&#038;lang=en"},"modified":"2016-06-17T11:39:19","modified_gmt":"2016-06-17T09:39:19","slug":"sales-representatives","status":"publish","type":"page","link":"https:\/\/www.schriever-schrauben.de\/en\/sales-representatives\/","title":{"rendered":"Sales representatives"},"content":{"rendered":"<p>[vc_row][vc_column][vc_column_text]<\/p>\n<h1>Handelsvertreter<\/h1>\n<h3>in Deutschland &amp; Europa<\/h3>\n<p>[\/vc_column_text]<div class=\"ts-gap ts-gap-clear\" style=\"margin-top:10px;\"><\/div>[\/vc_column][\/vc_row][vc_row][vc_column width=&#8221;2\/3&#8243;][vc_column_text]<\/p>\n<h3><span style=\"color: #cc3333;\">Baden-W\u00fcrttemberg\u00a0<\/span><\/h3>\n<p>[\/vc_column_text][vc_column_text]<span style=\"color: #cc3333;\">KF Brodbeck GmbH<\/span><br \/>\nTechnologieberatung &amp; Vertrieb<br \/>\nMax-Eyth-Stra\u00dfe 1<br \/>\n72379 Hechingen<\/p>\n<p>Telefon: +49 74 71 180 440<br \/>\nTelefax: +49 74 71 180 410[\/vc_column_text]<div class=\"ts-gap-20 ts-gap-clear\" ><\/div>[vc_column_text]<\/p>\n<h3><span style=\"color: #cc3333;\">Bayern, Th\u00fcringen &amp; Sachsen<\/span><\/h3>\n<p>[\/vc_column_text][vc_column_text]<span class=\"bodytext\" style=\"font-family: Arial, Helvetica, sans-serif;\"><span style=\"color: #cc3333;\">Ingenieur-B\u00fcro Zeitz<\/span><br \/>\nM\u00fcnchberger Stra\u00dfe 12<br \/>\n90411 N\u00fcrnberg<\/span><\/p>\n<p>Telefon: +49 9 11 523 581<br \/>\nTelefax: +49 9 11 523 553<\/p>\n<p><span style=\"color: #cc3333;\">Maximilian Zeitz\u00a0<\/span><br \/>\n<a href=\"mailto: max.zeitz@ing-zeitz.de\">Kontakt<\/a><br \/>\nMobil: 0160 440 05 53<\/p>\n<p>[\/vc_column_text]<div class=\"ts-gap-20 ts-gap-clear\" ><\/div>[vc_column_text]<\/p>\n<h3><span style=\"color: #cc3333;\">Saarland, Rheinland-Pfalz &amp; Hessen<\/span><\/h3>\n<p>[\/vc_column_text][vc_column_text]<span style=\"color: #cc3333;\">J\u00fcrgen Boss<\/span><br \/>\nHandelsvertretung GmbH<br \/>\nGreifswalder Str. 4<br \/>\n63322 R\u00f6dermark<\/p>\n<p>Telefon: +49 60 74 922 620<br \/>\nTelefax: +49 60 74 922 523[\/vc_column_text]<div class=\"ts-gap-20 ts-gap-clear\" ><\/div>[vc_column_text]<\/p>\n<h3><span style=\"color: #cc3333;\">Nordrhein-Westfalen<\/span><\/h3>\n<p>[\/vc_column_text][vc_column_text]<span style=\"color: #cc3333;\">Werner Wehde GmbH\u00a0<\/span><br \/>\nLeuchtenberger Kirchweg 75 e<br \/>\n40474 D\u00fcsseldorf<\/p>\n<p>Telefon: +49 2 11 415 57 44 \u00a00<br \/>\nTelefax: +49 2 11 415 57 44 20[\/vc_column_text]<div class=\"ts-gap-20 ts-gap-clear\" ><\/div>[vc_column_text]<\/p>\n<h3><span style=\"color: #cc3333;\">Polen<\/span><\/h3>\n<p>[\/vc_column_text][vc_column_text]<span style=\"color: #cc3333;\">Jacek Ochocki<\/span><br \/>\nDyrektor Generalny<br \/>\nPL &#8211; 98 &#8211; 400 Wierusz\u00f3w<br \/>\nul. A. Mickiewicza 3<\/p>\n<p>Fon\/Fax: + 48 62 78 31 444<br \/>\nMobile: + 48 605 58 55 51[\/vc_column_text]<div class=\"ts-gap-20 ts-gap-clear\" ><\/div>[vc_column_text]<\/p>\n<h3><span style=\"color: #cc3333;\">Russland<\/span><\/h3>\n<p>[\/vc_column_text][vc_column_text]<span style=\"color: #cc3333;\">OOO &#8220;Avtolego&#8221;<\/span><br \/>\nVerbindungstechnik und Montagetechnologie aus Deutschland<br \/>\nDr. Oleg Nikolaev<br \/>\nGernaldirektor<br \/>\nProstornaja St. 7, Bau 3<br \/>\nRU-107392 Moskau<\/p>\n<p>Fon\/Fax: + 7 499 946-64-73<br \/>\nMobile: + 7 91) 393-95-47[\/vc_column_text]<div class=\"ts-gap-20 ts-gap-clear\" ><\/div>[vc_column_text]<\/p>\n<h3><span style=\"color: #cc3333;\">BeNeLux<\/span><\/h3>\n<p>[\/vc_column_text][vc_column_text]<span class=\"bodytext\" style=\"font-family: Arial, Helvetica, sans-serif;\"><span style=\"color: #cc3333;\">Gerards Technische Agenturen<\/span><br \/>\nHr. Maurice Gerards<br \/>\nSeytweg 45<br \/>\n6816 PH Arnhem<\/span><\/p>\n<p>Fon: +31 26 21 35 765<br \/>\n<a href=\"mailto: maurice@gerards.nl\">Kontakt<\/a><br \/>\n<a href=\"http:\/\/www.gerards.nl\">Homepage<\/a>[\/vc_column_text][\/vc_column][vc_column width=&#8221;1\/3&#8243;][vc_column_text]<\/p>\n<figure id=\"attachment_1221\" aria-describedby=\"caption-attachment-1221\" style=\"width: 1921px\" class=\"wp-caption alignnone\"><img fetchpriority=\"high\" decoding=\"async\" class=\"size-full wp-image-1221\" src=\"http:\/\/neu.schriever-schrauben.de\/wp-content\/uploads\/2016\/01\/DSC_4226.jpg\" alt=\"Was uns bewegt...\" width=\"1921\" height=\"1080\" srcset=\"https:\/\/www.schriever-schrauben.de\/wp-content\/uploads\/2016\/01\/DSC_4226.jpg 1921w, https:\/\/www.schriever-schrauben.de\/wp-content\/uploads\/2016\/01\/DSC_4226-300x169.jpg 300w, https:\/\/www.schriever-schrauben.de\/wp-content\/uploads\/2016\/01\/DSC_4226-768x432.jpg 768w, https:\/\/www.schriever-schrauben.de\/wp-content\/uploads\/2016\/01\/DSC_4226-1024x576.jpg 1024w\" sizes=\"(max-width: 1921px) 100vw, 1921px\" \/><figcaption id=\"caption-attachment-1221\" class=\"wp-caption-text\">Was uns bewegt&#8230;<\/figcaption><\/figure>\n<p>[\/vc_column_text][\/vc_column][\/vc_row]<\/p>\n","protected":false},"excerpt":{"rendered":"<p>[vc_row][vc_column][vc_column_text] Handelsvertreter in Deutschland &amp; Europa [\/vc_column_text][\/vc_column][\/vc_row][vc_row][vc_column width=&#8221;2\/3&#8243;][vc_column_text] Baden-W\u00fcrttemberg\u00a0 [\/vc_column_text][vc_column_text]KF Brodbeck GmbH Technologieberatung &amp; Vertrieb Max-Eyth-Stra\u00dfe 1 72379 Hechingen Telefon: +49 74 71 180 440 Telefax: +49 74 71 180 410[\/vc_column_text][vc_column_text] Bayern, Th\u00fcringen &amp; Sachsen [\/vc_column_text][vc_column_text]Ingenieur-B\u00fcro Zeitz M\u00fcnchberger Stra\u00dfe 12 90411 N\u00fcrnberg Telefon: +49 9 11 523 581 Telefax: +49 9 11 523 553 Maximilian [&hellip;]<\/p>\n","protected":false},"author":10,"featured_media":0,"parent":0,"menu_order":999,"comment_status":"closed","ping_status":"closed","template":"","meta":{"footnotes":""},"class_list":["post-1951","page","type-page","status-publish","hentry","readmore-type-button"],"yoast_head":"<!-- This site is optimized with the Yoast SEO plugin v25.6 - https:\/\/yoast.com\/wordpress\/plugins\/seo\/ -->\n<title>Sales representatives - Hans Schriever GmbH &amp; Co. KG - Schraubenfabrik<\/title>\n<meta name=\"robots\" content=\"index, follow, max-snippet:-1, max-image-preview:large, max-video-preview:-1\" \/>\n<link rel=\"canonical\" href=\"https:\/\/www.schriever-schrauben.de\/en\/sales-representatives\/\" \/>\n<meta property=\"og:locale\" content=\"en_US\" \/>\n<meta property=\"og:type\" content=\"article\" \/>\n<meta property=\"og:title\" content=\"Sales representatives - Hans Schriever GmbH &amp; Co. KG - Schraubenfabrik\" \/>\n<meta property=\"og:description\" content=\"[vc_row][vc_column][vc_column_text] Handelsvertreter in Deutschland &amp; Europa [\/vc_column_text][\/vc_column][\/vc_row][vc_row][vc_column width=&#8221;2\/3&#8243;][vc_column_text] Baden-W\u00fcrttemberg\u00a0 [\/vc_column_text][vc_column_text]KF Brodbeck GmbH Technologieberatung &amp; Vertrieb Max-Eyth-Stra\u00dfe 1 72379 Hechingen Telefon: +49 74 71 180 440 Telefax: +49 74 71 180 410[\/vc_column_text][vc_column_text] Bayern, Th\u00fcringen &amp; Sachsen [\/vc_column_text][vc_column_text]Ingenieur-B\u00fcro Zeitz M\u00fcnchberger Stra\u00dfe 12 90411 N\u00fcrnberg Telefon: +49 9 11 523 581 Telefax: +49 9 11 523 553 Maximilian [&hellip;]\" \/>\n<meta property=\"og:url\" content=\"https:\/\/www.schriever-schrauben.de\/en\/sales-representatives\/\" \/>\n<meta property=\"og:site_name\" content=\"Hans Schriever GmbH &amp; Co. KG - Schraubenfabrik\" \/>\n<meta property=\"article:modified_time\" content=\"2016-06-17T09:39:19+00:00\" \/>\n<meta property=\"og:image\" content=\"https:\/\/www.schriever-schrauben.de\/wp-content\/uploads\/2016\/01\/DSC_4226.jpg\" \/>\n\t<meta property=\"og:image:width\" content=\"1921\" \/>\n\t<meta property=\"og:image:height\" content=\"1080\" \/>\n\t<meta property=\"og:image:type\" content=\"image\/jpeg\" \/>\n<meta name=\"twitter:card\" content=\"summary_large_image\" \/>\n<meta name=\"twitter:label1\" content=\"Est. reading time\" \/>\n\t<meta name=\"twitter:data1\" content=\"1 minute\" \/>\n<script type=\"application\/ld+json\" class=\"yoast-schema-graph\">{\"@context\":\"https:\/\/schema.org\",\"@graph\":[{\"@type\":\"WebPage\",\"@id\":\"https:\/\/www.schriever-schrauben.de\/en\/sales-representatives\/\",\"url\":\"https:\/\/www.schriever-schrauben.de\/en\/sales-representatives\/\",\"name\":\"Sales representatives - Hans Schriever GmbH &amp; Co. KG - Schraubenfabrik\",\"isPartOf\":{\"@id\":\"https:\/\/www.schriever-schrauben.de\/#website\"},\"primaryImageOfPage\":{\"@id\":\"https:\/\/www.schriever-schrauben.de\/en\/sales-representatives\/#primaryimage\"},\"image\":{\"@id\":\"https:\/\/www.schriever-schrauben.de\/en\/sales-representatives\/#primaryimage\"},\"thumbnailUrl\":\"http:\/\/neu.schriever-schrauben.de\/wp-content\/uploads\/2016\/01\/DSC_4226.jpg\",\"datePublished\":\"2016-06-15T10:21:41+00:00\",\"dateModified\":\"2016-06-17T09:39:19+00:00\",\"breadcrumb\":{\"@id\":\"https:\/\/www.schriever-schrauben.de\/en\/sales-representatives\/#breadcrumb\"},\"inLanguage\":\"en-US\",\"potentialAction\":[{\"@type\":\"ReadAction\",\"target\":[\"https:\/\/www.schriever-schrauben.de\/en\/sales-representatives\/\"]}]},{\"@type\":\"ImageObject\",\"inLanguage\":\"en-US\",\"@id\":\"https:\/\/www.schriever-schrauben.de\/en\/sales-representatives\/#primaryimage\",\"url\":\"http:\/\/neu.schriever-schrauben.de\/wp-content\/uploads\/2016\/01\/DSC_4226.jpg\",\"contentUrl\":\"http:\/\/neu.schriever-schrauben.de\/wp-content\/uploads\/2016\/01\/DSC_4226.jpg\"},{\"@type\":\"BreadcrumbList\",\"@id\":\"https:\/\/www.schriever-schrauben.de\/en\/sales-representatives\/#breadcrumb\",\"itemListElement\":[{\"@type\":\"ListItem\",\"position\":1,\"name\":\"Home\",\"item\":\"https:\/\/www.schriever-schrauben.de\/en\/\"},{\"@type\":\"ListItem\",\"position\":2,\"name\":\"Sales representatives\"}]},{\"@type\":\"WebSite\",\"@id\":\"https:\/\/www.schriever-schrauben.de\/#website\",\"url\":\"https:\/\/www.schriever-schrauben.de\/\",\"name\":\"Hans Schriever GmbH &amp; Co. KG - Schraubenfabrik\",\"description\":\"\",\"publisher\":{\"@id\":\"https:\/\/www.schriever-schrauben.de\/#organization\"},\"potentialAction\":[{\"@type\":\"SearchAction\",\"target\":{\"@type\":\"EntryPoint\",\"urlTemplate\":\"https:\/\/www.schriever-schrauben.de\/?s={search_term_string}\"},\"query-input\":{\"@type\":\"PropertyValueSpecification\",\"valueRequired\":true,\"valueName\":\"search_term_string\"}}],\"inLanguage\":\"en-US\"},{\"@type\":\"Organization\",\"@id\":\"https:\/\/www.schriever-schrauben.de\/#organization\",\"name\":\"Hans Schriever GmbH & Co. KG\",\"url\":\"https:\/\/www.schriever-schrauben.de\/\",\"logo\":{\"@type\":\"ImageObject\",\"inLanguage\":\"en-US\",\"@id\":\"https:\/\/www.schriever-schrauben.de\/#\/schema\/logo\/image\/\",\"url\":\"https:\/\/www.schriever-schrauben.de\/wp-content\/uploads\/2016\/02\/schriever-logo-web-v2.png\",\"contentUrl\":\"https:\/\/www.schriever-schrauben.de\/wp-content\/uploads\/2016\/02\/schriever-logo-web-v2.png\",\"width\":316,\"height\":72,\"caption\":\"Hans Schriever GmbH & Co. KG\"},\"image\":{\"@id\":\"https:\/\/www.schriever-schrauben.de\/#\/schema\/logo\/image\/\"}}]}<\/script>\n<!-- \/ Yoast SEO plugin. -->","yoast_head_json":{"title":"Sales representatives - Hans Schriever GmbH &amp; Co. KG - Schraubenfabrik","robots":{"index":"index","follow":"follow","max-snippet":"max-snippet:-1","max-image-preview":"max-image-preview:large","max-video-preview":"max-video-preview:-1"},"canonical":"https:\/\/www.schriever-schrauben.de\/en\/sales-representatives\/","og_locale":"en_US","og_type":"article","og_title":"Sales representatives - Hans Schriever GmbH &amp; Co. KG - Schraubenfabrik","og_description":"[vc_row][vc_column][vc_column_text] Handelsvertreter in Deutschland &amp; Europa [\/vc_column_text][\/vc_column][\/vc_row][vc_row][vc_column width=&#8221;2\/3&#8243;][vc_column_text] Baden-W\u00fcrttemberg\u00a0 [\/vc_column_text][vc_column_text]KF Brodbeck GmbH Technologieberatung &amp; Vertrieb Max-Eyth-Stra\u00dfe 1 72379 Hechingen Telefon: +49 74 71 180 440 Telefax: +49 74 71 180 410[\/vc_column_text][vc_column_text] Bayern, Th\u00fcringen &amp; Sachsen [\/vc_column_text][vc_column_text]Ingenieur-B\u00fcro Zeitz M\u00fcnchberger Stra\u00dfe 12 90411 N\u00fcrnberg Telefon: +49 9 11 523 581 Telefax: +49 9 11 523 553 Maximilian [&hellip;]","og_url":"https:\/\/www.schriever-schrauben.de\/en\/sales-representatives\/","og_site_name":"Hans Schriever GmbH &amp; Co. KG - Schraubenfabrik","article_modified_time":"2016-06-17T09:39:19+00:00","og_image":[{"width":1921,"height":1080,"url":"https:\/\/www.schriever-schrauben.de\/wp-content\/uploads\/2016\/01\/DSC_4226.jpg","type":"image\/jpeg"}],"twitter_card":"summary_large_image","twitter_misc":{"Est. reading time":"1 minute"},"schema":{"@context":"https:\/\/schema.org","@graph":[{"@type":"WebPage","@id":"https:\/\/www.schriever-schrauben.de\/en\/sales-representatives\/","url":"https:\/\/www.schriever-schrauben.de\/en\/sales-representatives\/","name":"Sales representatives - Hans Schriever GmbH &amp; Co. KG - Schraubenfabrik","isPartOf":{"@id":"https:\/\/www.schriever-schrauben.de\/#website"},"primaryImageOfPage":{"@id":"https:\/\/www.schriever-schrauben.de\/en\/sales-representatives\/#primaryimage"},"image":{"@id":"https:\/\/www.schriever-schrauben.de\/en\/sales-representatives\/#primaryimage"},"thumbnailUrl":"http:\/\/neu.schriever-schrauben.de\/wp-content\/uploads\/2016\/01\/DSC_4226.jpg","datePublished":"2016-06-15T10:21:41+00:00","dateModified":"2016-06-17T09:39:19+00:00","breadcrumb":{"@id":"https:\/\/www.schriever-schrauben.de\/en\/sales-representatives\/#breadcrumb"},"inLanguage":"en-US","potentialAction":[{"@type":"ReadAction","target":["https:\/\/www.schriever-schrauben.de\/en\/sales-representatives\/"]}]},{"@type":"ImageObject","inLanguage":"en-US","@id":"https:\/\/www.schriever-schrauben.de\/en\/sales-representatives\/#primaryimage","url":"http:\/\/neu.schriever-schrauben.de\/wp-content\/uploads\/2016\/01\/DSC_4226.jpg","contentUrl":"http:\/\/neu.schriever-schrauben.de\/wp-content\/uploads\/2016\/01\/DSC_4226.jpg"},{"@type":"BreadcrumbList","@id":"https:\/\/www.schriever-schrauben.de\/en\/sales-representatives\/#breadcrumb","itemListElement":[{"@type":"ListItem","position":1,"name":"Home","item":"https:\/\/www.schriever-schrauben.de\/en\/"},{"@type":"ListItem","position":2,"name":"Sales representatives"}]},{"@type":"WebSite","@id":"https:\/\/www.schriever-schrauben.de\/#website","url":"https:\/\/www.schriever-schrauben.de\/","name":"Hans Schriever GmbH &amp; Co. KG - Schraubenfabrik","description":"","publisher":{"@id":"https:\/\/www.schriever-schrauben.de\/#organization"},"potentialAction":[{"@type":"SearchAction","target":{"@type":"EntryPoint","urlTemplate":"https:\/\/www.schriever-schrauben.de\/?s={search_term_string}"},"query-input":{"@type":"PropertyValueSpecification","valueRequired":true,"valueName":"search_term_string"}}],"inLanguage":"en-US"},{"@type":"Organization","@id":"https:\/\/www.schriever-schrauben.de\/#organization","name":"Hans Schriever GmbH & Co. KG","url":"https:\/\/www.schriever-schrauben.de\/","logo":{"@type":"ImageObject","inLanguage":"en-US","@id":"https:\/\/www.schriever-schrauben.de\/#\/schema\/logo\/image\/","url":"https:\/\/www.schriever-schrauben.de\/wp-content\/uploads\/2016\/02\/schriever-logo-web-v2.png","contentUrl":"https:\/\/www.schriever-schrauben.de\/wp-content\/uploads\/2016\/02\/schriever-logo-web-v2.png","width":316,"height":72,"caption":"Hans Schriever GmbH & Co. KG"},"image":{"@id":"https:\/\/www.schriever-schrauben.de\/#\/schema\/logo\/image\/"}}]}},"_links":{"self":[{"href":"https:\/\/www.schriever-schrauben.de\/en\/wp-json\/wp\/v2\/pages\/1951","targetHints":{"allow":["GET"]}}],"collection":[{"href":"https:\/\/www.schriever-schrauben.de\/en\/wp-json\/wp\/v2\/pages"}],"about":[{"href":"https:\/\/www.schriever-schrauben.de\/en\/wp-json\/wp\/v2\/types\/page"}],"author":[{"embeddable":true,"href":"https:\/\/www.schriever-schrauben.de\/en\/wp-json\/wp\/v2\/users\/10"}],"replies":[{"embeddable":true,"href":"https:\/\/www.schriever-schrauben.de\/en\/wp-json\/wp\/v2\/comments?post=1951"}],"version-history":[{"count":2,"href":"https:\/\/www.schriever-schrauben.de\/en\/wp-json\/wp\/v2\/pages\/1951\/revisions"}],"predecessor-version":[{"id":1964,"href":"https:\/\/www.schriever-schrauben.de\/en\/wp-json\/wp\/v2\/pages\/1951\/revisions\/1964"}],"wp:attachment":[{"href":"https:\/\/www.schriever-schrauben.de\/en\/wp-json\/wp\/v2\/media?parent=1951"}],"curies":[{"name":"wp","href":"https:\/\/api.w.org\/{rel}","templated":true}]}}